{"id":806,"date":"2022-12-07T18:04:40","date_gmt":"2022-12-07T17:04:40","guid":{"rendered":"https:\/\/torreplaurgell.cat\/animals\/"},"modified":"2025-02-25T17:50:12","modified_gmt":"2025-02-25T16:50:12","slug":"animales","status":"publish","type":"page","link":"https:\/\/torreplaurgell.cat\/es\/animales\/","title":{"rendered":"Animales"},"content":{"rendered":"\t\t<div data-elementor-type=\"wp-page\" data-elementor-id=\"806\" class=\"elementor elementor-806 elementor-47\" data-elementor-post-type=\"page\">\n\t\t\t\t<div class=\"elementor-element elementor-element-86de123 e-flex e-con-boxed elementor-invisible e-con e-parent\" data-id=\"86de123\" data-element_type=\"container\" data-e-type=\"container\" data-settings=\"{&quot;background_background&quot;:&quot;classic&quot;,&quot;animation&quot;:&quot;fadeIn&quot;}\">\n\t\t\t\t\t<div class=\"e-con-inner\">\n\t\t\t\t<div class=\"elementor-element elementor-element-5f43741 elementor-invisible elementor-widget elementor-widget-heading\" data-id=\"5f43741\" data-element_type=\"widget\" data-e-type=\"widget\" data-settings=\"{&quot;_animation&quot;:&quot;fadeInUp&quot;,&quot;_animation_delay&quot;:100}\" data-widget_type=\"heading.default\">\n\t\t\t\t<div class=\"elementor-widget-container\">\n\t\t\t\t\t<h2 class=\"elementor-heading-title elementor-size-default\">Animales<\/h2>\t\t\t\t<\/div>\n\t\t\t\t<\/div>\n\t\t\t\t\t<\/div>\n\t\t\t\t<\/div>\n\t\t<div class=\"elementor-element elementor-element-3a2b817 e-flex e-con-boxed elementor-invisible e-con e-parent\" data-id=\"3a2b817\" data-element_type=\"container\" data-e-type=\"container\" data-settings=\"{&quot;animation&quot;:&quot;fadeIn&quot;}\">\n\t\t\t\t\t<div class=\"e-con-inner\">\n\t\t\t\t<div class=\"elementor-element elementor-element-d697f66 elementor-widget elementor-widget-heading\" data-id=\"d697f66\" data-element_type=\"widget\" data-e-type=\"widget\" data-widget_type=\"heading.default\">\n\t\t\t\t<div class=\"elementor-widget-container\">\n\t\t\t\t\t<h2 class=\"elementor-heading-title elementor-size-default\">POL\u00cdTICA DE ANIMALES DE COMPA\u00d1IA<\/h2>\t\t\t\t<\/div>\n\t\t\t\t<\/div>\n\t\t\t\t<div class=\"elementor-element elementor-element-495d914 elementor-widget elementor-widget-text-editor\" data-id=\"495d914\" data-element_type=\"widget\" data-e-type=\"widget\" data-widget_type=\"text-editor.default\">\n\t\t\t\t<div class=\"elementor-widget-container\">\n\t\t\t\t\t\t\t\t\t<ul><li>Los responsables de los animales de compa\u00f1\u00eda tendr\u00e1n que llevar la documentaci\u00f3n para demostrar que el animal est\u00e1 debidamente identificado con microchip. El animal tambi\u00e9n tendr\u00e1 que llevar una placa identificativa al collar con los datos del responsable, as\u00ed como la cartilla sanitaria con las vacunaciones al d\u00eda.<\/li><li>Las razas consideradas potencialmente peligrosas\u00a0GPP\u00a0no podr\u00e1n acceder al recinto. Razas\u00a0GPP:\u00a0Akita\u00a0Inu,\u00a0Bullmastiff, D\u00f3berman,\u00a0Dog\u00a0argentino,\u00a0Dog\u00a0de Burdeos, Fila\u00a0brasileiro, Mast\u00edn napolitano, Pecho hierve terrier, Perro de presa canario,\u00a0Rottweiler,\u00a0Staffordshire\u00a0HierveTerrier, Terrier\u00a0Staffordshire\u00a0americano y\u00a0Tosa\u00a0japon\u00e9s, o actualizaciones vigentes en normativa\u00a0GPP.<\/li><li>Los responsables llevar\u00e1n siempre sus animales de compa\u00f1\u00eda atados al espacio exterior y se proh\u00edbe el acceso en interior de sala. Se recomienda el uso de bozal en caso de que sea necesario.<\/li><li>Los responsables del animal tienen la obligaci\u00f3n de mantenerlo en las debidas condiciones higi\u00e9nico-sanitarias. Por lo tanto, no se aceptaran animales con mal aspecto (sucios,\u00a0parasitados, etc).<\/li><li>Los animales no se podr\u00e1n quedar solos, en ning\u00fan caso. Siempre acompa\u00f1ados con uno de los propietarios. En ning\u00fan caso se dejar\u00e1 la responsabilidad del animal de compa\u00f1\u00eda a un menor de edad.<\/li><li>Los animales tienen que entrar y permanecer atados con correa corta para evitar que se puedan desplazar hasta otra parte, o paredes perimetrales interiores\/exteriores.<\/li><li>No se permite lavar los animales en los espacios de ba\u00f1os ni en ning\u00fan otro espacio del recinto.<\/li><li>Los responsables del animal de compa\u00f1\u00eda tienen que recoger los excrementos. El propietario del animal en cuesti\u00f3n tiene que velar para que no orinen en ninguna pared o mobiliario y plantas exteriores.<\/li><li>Los responsables se comprometen a cumplir la normativa vigente de protecci\u00f3n animal.<\/li><li>Los responsables de los animales se har\u00e1n cargo de los da\u00f1os que los animales puedan producir durante la estancia, tanto al mobiliario como terceras personas. En caso de desperfectos se tendr\u00e1n que abonar los gastos de reparaci\u00f3n, por anticipado de la persona contratante del servicio.<\/li><\/ul>\t\t\t\t\t\t\t\t<\/div>\n\t\t\t\t<\/div>\n\t\t\t\t\t<\/div>\n\t\t\t\t<\/div>\n\t\t\t\t<\/div>\n\t\t","protected":false},"excerpt":{"rendered":"<p>Animales POL\u00cdTICA DE ANIMALES DE COMPA\u00d1IA Los responsables de los animales de compa\u00f1\u00eda tendr\u00e1n que llevar la documentaci\u00f3n para demostrar que el animal est\u00e1 debidamente identificado con microchip. El animal tambi\u00e9n tendr\u00e1 que llevar una placa identificativa al collar con los datos del responsable, as\u00ed como la cartilla sanitaria con las vacunaciones al d\u00eda. Las [&hellip;]<\/p>\n","protected":false},"author":2,"featured_media":0,"parent":0,"menu_order":0,"comment_status":"closed","ping_status":"closed","template":"","meta":{"footnotes":""},"class_list":["post-806","page","type-page","status-publish","hentry"],"_links":{"self":[{"href":"https:\/\/torreplaurgell.cat\/es\/wp-json\/wp\/v2\/pages\/806","targetHints":{"allow":["GET"]}}],"collection":[{"href":"https:\/\/torreplaurgell.cat\/es\/wp-json\/wp\/v2\/pages"}],"about":[{"href":"https:\/\/torreplaurgell.cat\/es\/wp-json\/wp\/v2\/types\/page"}],"author":[{"embeddable":true,"href":"https:\/\/torreplaurgell.cat\/es\/wp-json\/wp\/v2\/users\/2"}],"replies":[{"embeddable":true,"href":"https:\/\/torreplaurgell.cat\/es\/wp-json\/wp\/v2\/comments?post=806"}],"version-history":[{"count":7,"href":"https:\/\/torreplaurgell.cat\/es\/wp-json\/wp\/v2\/pages\/806\/revisions"}],"predecessor-version":[{"id":1044,"href":"https:\/\/torreplaurgell.cat\/es\/wp-json\/wp\/v2\/pages\/806\/revisions\/1044"}],"wp:attachment":[{"href":"https:\/\/torreplaurgell.cat\/es\/wp-json\/wp\/v2\/media?parent=806"}],"curies":[{"name":"wp","href":"https:\/\/api.w.org\/{rel}","templated":true}]}}