{"id":802,"date":"2022-12-07T16:17:56","date_gmt":"2022-12-07T15:17:56","guid":{"rendered":"https:\/\/torreplaurgell.cat\/normativa\/"},"modified":"2025-02-25T17:50:29","modified_gmt":"2025-02-25T16:50:29","slug":"normativa","status":"publish","type":"page","link":"https:\/\/torreplaurgell.cat\/es\/normativa\/","title":{"rendered":"Normativa"},"content":{"rendered":"\t\t<div data-elementor-type=\"wp-page\" data-elementor-id=\"802\" class=\"elementor elementor-802 elementor-27\" data-elementor-post-type=\"page\">\n\t\t\t\t<div class=\"elementor-element elementor-element-a011fb9 e-flex e-con-boxed elementor-invisible e-con e-parent\" data-id=\"a011fb9\" data-element_type=\"container\" data-e-type=\"container\" data-settings=\"{&quot;background_background&quot;:&quot;classic&quot;,&quot;animation&quot;:&quot;fadeIn&quot;}\">\n\t\t\t\t\t<div class=\"e-con-inner\">\n\t\t\t\t<div class=\"elementor-element elementor-element-25f7d26 elementor-invisible elementor-widget elementor-widget-heading\" data-id=\"25f7d26\" data-element_type=\"widget\" data-e-type=\"widget\" data-settings=\"{&quot;_animation&quot;:&quot;fadeInUp&quot;,&quot;_animation_delay&quot;:100}\" data-widget_type=\"heading.default\">\n\t\t\t\t<div class=\"elementor-widget-container\">\n\t\t\t\t\t<h2 class=\"elementor-heading-title elementor-size-default\">Normativa<\/h2>\t\t\t\t<\/div>\n\t\t\t\t<\/div>\n\t\t\t\t\t<\/div>\n\t\t\t\t<\/div>\n\t\t<div class=\"elementor-element elementor-element-636643c e-flex e-con-boxed e-con e-parent\" data-id=\"636643c\" data-element_type=\"container\" data-e-type=\"container\">\n\t\t\t\t\t<div class=\"e-con-inner\">\n\t\t\t\t<div class=\"elementor-element elementor-element-69a64ce elementor-widget elementor-widget-heading\" data-id=\"69a64ce\" data-element_type=\"widget\" data-e-type=\"widget\" data-widget_type=\"heading.default\">\n\t\t\t\t<div class=\"elementor-widget-container\">\n\t\t\t\t\t<h2 class=\"elementor-heading-title elementor-size-default\">NORMATIVA DE OBLIGADO CUMPLIMIENTO<\/h2>\t\t\t\t<\/div>\n\t\t\t\t<\/div>\n\t\t\t\t<div class=\"elementor-element elementor-element-cb5695c elementor-widget elementor-widget-text-editor\" data-id=\"cb5695c\" data-element_type=\"widget\" data-e-type=\"widget\" data-widget_type=\"text-editor.default\">\n\t\t\t\t<div class=\"elementor-widget-container\">\n\t\t\t\t\t\t\t\t\t<ul><li>Se pide comportamiento civilizado, sin producir ruidos molestos, preservando el valor arquitect\u00f3nico del espacio; con cuidado a las paredes de tapia a las cuales no puede tocar el mobiliario, ni las personas. Se proh\u00edbe acceder a los campos de cultivo adyacentes al recinto.<\/li><li>Espacio por una duraci\u00f3n de hasta 6 horas a mediod\u00eda o noche, consultar por ampliaci\u00f3n de horario.<\/li><li>Alquiler de espacio para mayores de 25 a\u00f1os, y menores en esta edad si se acompa\u00f1a de adultos de 25 a\u00f1os o m\u00e1s. Los menores no se pueden dejar sin vigilancia.<\/li><li>La sala puede abrir las cortinas laterales o dejarlas cerradas a petici\u00f3n previa del usuario, en el momento de uso de sala se proh\u00edbe cambiar su estado por los usuarios.<\/li><li>Todo el recinto se tiene que dejar limpio como se ha encontrado, retirando la basura. En caso de contratar limpieza, se puede dejar la basura recogida en bolsas de basura cerradas. Contratar limpieza no exime de dejar el espacio correcto seg\u00fan se ha encontrado, con paredes y techos limpios.<\/li><li>Al finalizar el servicio dejar el mobiliario en el estado inicial y correcto, cuidando y respetando el material.<\/li><li>Se pide tener cura de las plantas y \u00e1rboles dentro y fuera del recinto, respetando en todo momento todas las especies evitando tocarlas y menos arrancarlas.<\/li><li>Se proh\u00edbe fumar dentro de la sala, como tambi\u00e9n realizar juegos de pelota, patinetes u otros que puedan da\u00f1ar el espacio interior.<\/li><li>No se permite la entrada de veh\u00edculos dentro del recinto exterior, si no se ha autorizado previamente.<\/li><li>El uso de espacio de patio exterior ser\u00e1 modo c\u00edvico, equipado con extintores en zona barbacoa y sala interior por uso exclusivamente de emergencia, en ning\u00fan otro caso pueden ser usados. El juego con pelota tiene que evitar impactos a vegetaci\u00f3n, paredes, cubiertas o puertas existentes.<\/li><li>Revisar pol\u00edtica de animales en caso de querer llevar un animal de compa\u00f1\u00eda.<\/li><li>Espacio de llegada o acceso a recinto\u00a0videovigilado, con circuito cerrado de TV. La consulta de im\u00e1genes \u00fanicamente se efect\u00faa en caso de incidencias o desperfectos ocasionados. Consultar pol\u00edtica de privacidad y protecci\u00f3n de datos.<\/li><li>Se responsabiliza la persona contratante del servicio de posibles desperfectos ocasionados en el servicio contratado.<\/li><\/ul>\t\t\t\t\t\t\t\t<\/div>\n\t\t\t\t<\/div>\n\t\t\t\t\t<\/div>\n\t\t\t\t<\/div>\n\t\t\t\t<\/div>\n\t\t","protected":false},"excerpt":{"rendered":"<p>Normativa NORMATIVA DE OBLIGADO CUMPLIMIENTO Se pide comportamiento civilizado, sin producir ruidos molestos, preservando el valor arquitect\u00f3nico del espacio; con cuidado a las paredes de tapia a las cuales no puede tocar el mobiliario, ni las personas. Se proh\u00edbe acceder a los campos de cultivo adyacentes al recinto. Espacio por una duraci\u00f3n de hasta 6 [&hellip;]<\/p>\n","protected":false},"author":2,"featured_media":0,"parent":0,"menu_order":0,"comment_status":"closed","ping_status":"closed","template":"","meta":{"footnotes":""},"class_list":["post-802","page","type-page","status-publish","hentry"],"_links":{"self":[{"href":"https:\/\/torreplaurgell.cat\/es\/wp-json\/wp\/v2\/pages\/802","targetHints":{"allow":["GET"]}}],"collection":[{"href":"https:\/\/torreplaurgell.cat\/es\/wp-json\/wp\/v2\/pages"}],"about":[{"href":"https:\/\/torreplaurgell.cat\/es\/wp-json\/wp\/v2\/types\/page"}],"author":[{"embeddable":true,"href":"https:\/\/torreplaurgell.cat\/es\/wp-json\/wp\/v2\/users\/2"}],"replies":[{"embeddable":true,"href":"https:\/\/torreplaurgell.cat\/es\/wp-json\/wp\/v2\/comments?post=802"}],"version-history":[{"count":7,"href":"https:\/\/torreplaurgell.cat\/es\/wp-json\/wp\/v2\/pages\/802\/revisions"}],"predecessor-version":[{"id":1050,"href":"https:\/\/torreplaurgell.cat\/es\/wp-json\/wp\/v2\/pages\/802\/revisions\/1050"}],"wp:attachment":[{"href":"https:\/\/torreplaurgell.cat\/es\/wp-json\/wp\/v2\/media?parent=802"}],"curies":[{"name":"wp","href":"https:\/\/api.w.org\/{rel}","templated":true}]}}