{"id":801,"date":"2022-12-07T16:17:26","date_gmt":"2022-12-07T15:17:26","guid":{"rendered":"https:\/\/torreplaurgell.cat\/politica-de-cookies\/"},"modified":"2025-02-25T17:50:51","modified_gmt":"2025-02-25T16:50:51","slug":"politica-de-cookies","status":"publish","type":"page","link":"https:\/\/torreplaurgell.cat\/es\/politica-de-cookies\/","title":{"rendered":"Pol\u00edtica de cookies"},"content":{"rendered":"\t\t<div data-elementor-type=\"wp-page\" data-elementor-id=\"801\" class=\"elementor elementor-801 elementor-21\" data-elementor-post-type=\"page\">\n\t\t\t\t<div class=\"elementor-element elementor-element-2cb4a34 e-flex e-con-boxed elementor-invisible e-con e-parent\" data-id=\"2cb4a34\" data-element_type=\"container\" data-e-type=\"container\" data-settings=\"{&quot;background_background&quot;:&quot;classic&quot;,&quot;animation&quot;:&quot;fadeIn&quot;}\">\n\t\t\t\t\t<div class=\"e-con-inner\">\n\t\t\t\t<div class=\"elementor-element elementor-element-4925abe elementor-invisible elementor-widget elementor-widget-heading\" data-id=\"4925abe\" data-element_type=\"widget\" data-e-type=\"widget\" data-settings=\"{&quot;_animation&quot;:&quot;fadeInUp&quot;,&quot;_animation_delay&quot;:100}\" data-widget_type=\"heading.default\">\n\t\t\t\t<div class=\"elementor-widget-container\">\n\t\t\t\t\t<h2 class=\"elementor-heading-title elementor-size-default\">Cookies<\/h2>\t\t\t\t<\/div>\n\t\t\t\t<\/div>\n\t\t\t\t\t<\/div>\n\t\t\t\t<\/div>\n\t\t<div class=\"elementor-element elementor-element-9ad8d3b e-flex e-con-boxed e-con e-parent\" data-id=\"9ad8d3b\" data-element_type=\"container\" data-e-type=\"container\">\n\t\t\t\t\t<div class=\"e-con-inner\">\n\t\t\t\t<div class=\"elementor-element elementor-element-4f629db elementor-widget elementor-widget-text-editor\" data-id=\"4f629db\" data-element_type=\"widget\" data-e-type=\"widget\" data-widget_type=\"text-editor.default\">\n\t\t\t\t<div class=\"elementor-widget-container\">\n\t\t\t\t\t\t\t\t\t<p>Aquest lloc web utilitza cookies pr\u00f2pies i de tercers per a oferir-li una millor experi\u00e8ncia i servei. En navegar o utilitzar els nostres serveis l\u2019usuari accepta l\u2019\u00fas que fem de les cookies. No obstant aix\u00f2, l\u2019usuari t\u00e9 l\u2019opci\u00f3 d\u2019impedir la generaci\u00f3 de cookies i l\u2019eliminaci\u00f3 de les mateixes mitjan\u00e7ant la selecci\u00f3 de la corresponent.<\/p>\n<h2><strong>Qu\u00e8 \u00e9s una\u00a0cookie?<\/strong><\/h2>\n<p>Una\u00a0cookie\u00a0\u00e9s un petit fragment de text que els llocs web envien al navegador i que s\u2019emmagatzemen en el terminal de l\u2019usuari, el qual pot ser un ordinador personal, un tel\u00e8fon m\u00f2bil, tauleta, etc. Aquests arxius permeten que el lloc web recordi informaci\u00f3 sobre la seva visita, com l\u2019idioma i les opcions preferides, la qual cosa pot facilitar la seva pr\u00f2xima visita i fer que el lloc resulti m\u00e9s \u00fatil en personalitzar el seu contingut. Les cookies exerceixen un paper molt important, en millorar l\u2019experi\u00e8ncia d\u2019\u00fas de la Web.<\/p>\n<h2><strong>Tipus de cookies<\/strong><\/h2>\n<p>Segons l\u2019entitat que les gestioni, les cookies poden ser:<\/p>\n<ul>\n<li><strong>Cookies pr\u00f2pies:<\/strong>\u00a0S\u00f3n aquelles que s\u2019envien a l\u2019equip terminal de l\u2019interessat des d\u2019un equip o domini gestionat pel propi editor i des del qual es presta el servei sol\u00b7licitat per l\u2019usuari.<\/li>\n<li><strong>Cookies de tercers:\u00a0<\/strong>S\u00f3n aquelles que s\u2019envien a l\u2019equip terminal de l\u2019usuari des d\u2019un equip o domini que no \u00e9s gestionat per l\u2019editor, sin\u00f3 per una altra entitat que tracta les dades obtingudes trav\u00e9s de les cookies.<\/li>\n<\/ul>\n<p>Segons el termini de temps que romanen activades:<\/p>\n<ul>\n<li><strong>Cookies de sessi\u00f3<\/strong>: S\u00f3n un tipus de cookies dissenyades per a recaptar i emmagatzemar dades mentre l\u2019usuari accedeix a una p\u00e0gina web. Se solen emprar per a emmagatzemar informaci\u00f3 que nom\u00e9s interessa conservar per a la prestaci\u00f3 del servei sol\u00b7licitat per l\u2019usuari en una sola ocasi\u00f3.<\/li>\n<li><strong>Cookies persistents:<\/strong>\u00a0S\u00f3n un tipus de cookies en el qual les dades segueixen emmagatzemats en el terminal i poden ser accedits i tractats durant un per\u00edode definit pel responsable de la\u00a0cookie, i que pot anar d\u2019uns minuts a diversos anys.<\/li>\n<\/ul>\n<p>Segons la finalitat per a la qual es tractin les dades obtingudes a trav\u00e9s de les cookies, la web pot utilitzar:<\/p>\n<p><strong><em>Cookies t\u00e8cniques<\/em><\/strong>\u00a0\u2013 S\u00f3n aquelles que permeten a l\u2019usuari la navegaci\u00f3 a trav\u00e9s de la p\u00e0gina web o aplicaci\u00f3 i la utilitzaci\u00f3 de les diferents opcions o serveis que en ella existeixen. Per exemple, controlar el tr\u00e0nsit i la comunicaci\u00f3 de dades, identificar la sessi\u00f3, accedir a les parts web d\u2019acc\u00e9s restringit, recordar els elements que integren una comanda, realitzar la sol\u00b7licitud d\u2019inscripci\u00f3 o participaci\u00f3 en un esdeveniment, utilitzar elements de seguretat durant la navegaci\u00f3 i emmagatzemar continguts per a la difusi\u00f3 de v\u00eddeos o so.<\/p>\n<p><strong><em>Cookies de personalitzaci\u00f3\u00a0<\/em><\/strong>\u2013 S\u00f3n aquelles que permeten a l\u2019usuari accedir al servei amb algunes caracter\u00edstiques de car\u00e0cter general predefinides en la seva terminal o que el propi usuari defineixi. Per exemple, l\u2019idioma, el tipus de navegador a trav\u00e9s del qual accedeix al servei, el disseny de continguts seleccionat, geolocalitzaci\u00f3 del terminal i la configuraci\u00f3 regional des d\u2019on s\u2019accedeix al servei.<\/p>\n<p><strong><em>Cookies publicit\u00e0ries\u00a0<\/em><\/strong>\u2013 S\u00f3n aquelles que permeten la gesti\u00f3 efica\u00e7 dels espais publicitaris que s\u2019han incl\u00f2s en la p\u00e0gina web o aplicaci\u00f3 des de la qual es presta el servei. Permeten adequar el contingut de la publicitat perqu\u00e8 aquesta sigui rellevant per a l\u2019usuari i per a evitar mostrar anuncis que l\u2019usuari ja hagi vist.<\/p>\n<p><strong><em>Cookies d\u2019an\u00e0lisi estad\u00edstica<\/em><\/strong>\u00a0\u2013 S\u00f3n aquelles que permeten realitzar el seguiment i an\u00e0lisi del comportament dels usuaris en els llocs web. La informaci\u00f3 recollida mitjan\u00e7ant aquesta mena de cookies s\u2019utilitza en el mesurament de l\u2019activitat dels llocs web, aplicaci\u00f3 o plataforma i per a l\u2019elaboraci\u00f3 de perfils de navegaci\u00f3 dels usuaris d\u2019aquests llocs, amb la finalitat d\u2019introduir millores en el servei en funci\u00f3 de les dades d\u2019\u00fas que fan els usuaris.<\/p>\n<p>Les cookies utilitzades en aquest lloc web les pot veure al panell de configuraci\u00f3 i ajustar la seva configuraci\u00f3 en qualsevol moment.<\/p>\n<h2><strong>Com administrar cookies en el navegador?<\/strong><\/h2>\n<p>L\u2019usuari t\u00e9 l\u2019opci\u00f3 de permetre, bloquejar o eliminar les cookies instal\u00b7lades en el seu equip mitjan\u00e7ant la configuraci\u00f3 de les opcions del navegador instal\u00b7lat en la seva terminal:<\/p>\n<ul>\n<li><strong>Firefox<\/strong>:<br \/><a href=\"http:\/\/support.mozilla.org\/es\/kb\/habilitar-y-deshabilitar-cookies-que-los-sitios-we\" target=\"_blank\" rel=\"noopener\">http:\/\/support.mozilla.org\/es\/kb\/habilitar-y-deshabilitar-cookies-que-los-sitios-we<\/a><\/li>\n<li><strong>Chrome<\/strong>:<br \/><a href=\"http:\/\/support.google.com\/chrome\/bin\/answer.py?hl=es&amp;answer=95647\" target=\"_blank\" rel=\"noopener\">http:\/\/support.google.com\/chrome\/bin\/answer.py?hl=es&amp;answer=95647<\/a><\/li>\n<li><strong>Internet Explorer<\/strong>:<br \/><a href=\"https:\/\/support.microsoft.com\/es-es\/help\/278835\/how-to-delete-cookie-files-in-internet-explorer\" target=\"_blank\" rel=\"noopener\">https:\/\/support.microsoft.com\/es-es\/help\/278835\/how-to-delete-cookie-files-in-internet-explorer<\/a><\/li>\n<li><strong>Microsoft Edge:<br \/><\/strong><a href=\"https:\/\/support.microsoft.com\/es-es\/help\/4468242\/microsoft-edge-browsing-data-and-privacy-microsoft-privacy\" target=\"_blank\" rel=\"noopener\">https:\/\/support.microsoft.com\/es-es\/help\/4468242\/microsoft-edge-browsing-data-and-privacy-microsoft-privacy<\/a><\/li>\n<li><strong>Safari<\/strong>:<br \/><a href=\"http:\/\/support.apple.com\/kb\/ph5042\" target=\"_blank\" rel=\"noopener\">http:\/\/support.apple.com\/kb\/ph5042<\/a><\/li>\n<li><strong>Opera<\/strong>:<br \/><a href=\"http:\/\/help.opera.com\/Windows\/11.50\/es-ES\/cookies.html\" target=\"_blank\" rel=\"noopener\">http:\/\/help.opera.com\/Windows\/11.50\/es-ES\/cookies.html<\/a><\/li>\n<\/ul>\n<p>En cas de bloquejar l\u2019\u00fas de cookies en el seu navegador \u00e9s possible que alguns serveis o funcionalitats de la p\u00e0gina web no estiguin disponibles.<\/p>\n<p>En alguns navegadors es poden configurar regles espec\u00edfiques per a administrar cookies per lloc web, la qual cosa ofereix un control m\u00e9s prec\u00eds sobre la privacitat. Aix\u00f2 significa que es pot inhabilitar cookies de tots els llocs excepte d\u2019aquells en els quals es confi\u00ef.<\/p>\n\t\t\t\t\t\t\t\t<\/div>\n\t\t\t\t<\/div>\n\t\t\t\t\t<\/div>\n\t\t\t\t<\/div>\n\t\t\t\t<\/div>\n\t\t","protected":false},"excerpt":{"rendered":"<p>Cookies Aquest lloc web utilitza cookies pr\u00f2pies i de tercers per a oferir-li una millor experi\u00e8ncia i servei. En navegar o utilitzar els nostres serveis l\u2019usuari accepta l\u2019\u00fas que fem de les cookies. No obstant aix\u00f2, l\u2019usuari t\u00e9 l\u2019opci\u00f3 d\u2019impedir la generaci\u00f3 de cookies i l\u2019eliminaci\u00f3 de les mateixes mitjan\u00e7ant la selecci\u00f3 de la corresponent. [&hellip;]<\/p>\n","protected":false},"author":2,"featured_media":0,"parent":0,"menu_order":0,"comment_status":"closed","ping_status":"closed","template":"","meta":{"footnotes":""},"class_list":["post-801","page","type-page","status-publish","hentry"],"_links":{"self":[{"href":"https:\/\/torreplaurgell.cat\/es\/wp-json\/wp\/v2\/pages\/801","targetHints":{"allow":["GET"]}}],"collection":[{"href":"https:\/\/torreplaurgell.cat\/es\/wp-json\/wp\/v2\/pages"}],"about":[{"href":"https:\/\/torreplaurgell.cat\/es\/wp-json\/wp\/v2\/types\/page"}],"author":[{"embeddable":true,"href":"https:\/\/torreplaurgell.cat\/es\/wp-json\/wp\/v2\/users\/2"}],"replies":[{"embeddable":true,"href":"https:\/\/torreplaurgell.cat\/es\/wp-json\/wp\/v2\/comments?post=801"}],"version-history":[{"count":5,"href":"https:\/\/torreplaurgell.cat\/es\/wp-json\/wp\/v2\/pages\/801\/revisions"}],"predecessor-version":[{"id":1053,"href":"https:\/\/torreplaurgell.cat\/es\/wp-json\/wp\/v2\/pages\/801\/revisions\/1053"}],"wp:attachment":[{"href":"https:\/\/torreplaurgell.cat\/es\/wp-json\/wp\/v2\/media?parent=801"}],"curies":[{"name":"wp","href":"https:\/\/api.w.org\/{rel}","templated":true}]}}