{"id":800,"date":"2022-12-07T16:17:16","date_gmt":"2022-12-07T15:17:16","guid":{"rendered":"https:\/\/torreplaurgell.cat\/politica-de-privacitat\/"},"modified":"2025-02-25T17:50:59","modified_gmt":"2025-02-25T16:50:59","slug":"politica-de-privacidad","status":"publish","type":"page","link":"https:\/\/torreplaurgell.cat\/es\/politica-de-privacidad\/","title":{"rendered":"Pol\u00edtica de privacidad"},"content":{"rendered":"\t\t<div data-elementor-type=\"wp-page\" data-elementor-id=\"800\" class=\"elementor elementor-800 elementor-19\" data-elementor-post-type=\"page\">\n\t\t\t\t<div class=\"elementor-element elementor-element-7649715 e-flex e-con-boxed elementor-invisible e-con e-parent\" data-id=\"7649715\" data-element_type=\"container\" data-e-type=\"container\" data-settings=\"{&quot;background_background&quot;:&quot;classic&quot;,&quot;animation&quot;:&quot;fadeIn&quot;}\">\n\t\t\t\t\t<div class=\"e-con-inner\">\n\t\t\t\t<div class=\"elementor-element elementor-element-ce52d51 elementor-invisible elementor-widget elementor-widget-heading\" data-id=\"ce52d51\" data-element_type=\"widget\" data-e-type=\"widget\" data-settings=\"{&quot;_animation&quot;:&quot;fadeInUp&quot;,&quot;_animation_delay&quot;:100}\" data-widget_type=\"heading.default\">\n\t\t\t\t<div class=\"elementor-widget-container\">\n\t\t\t\t\t<h2 class=\"elementor-heading-title elementor-size-default\">Pol\u00edtica de Privacidad<\/h2>\t\t\t\t<\/div>\n\t\t\t\t<\/div>\n\t\t\t\t\t<\/div>\n\t\t\t\t<\/div>\n\t\t<div class=\"elementor-element elementor-element-2203bb2 e-flex e-con-boxed elementor-invisible e-con e-parent\" data-id=\"2203bb2\" data-element_type=\"container\" data-e-type=\"container\" data-settings=\"{&quot;animation&quot;:&quot;fadeIn&quot;}\">\n\t\t\t\t\t<div class=\"e-con-inner\">\n\t\t\t\t<div class=\"elementor-element elementor-element-c109d6b elementor-widget elementor-widget-text-editor\" data-id=\"c109d6b\" data-element_type=\"widget\" data-e-type=\"widget\" data-widget_type=\"text-editor.default\">\n\t\t\t\t<div class=\"elementor-widget-container\">\n\t\t\t\t\t\t\t\t\t<p><strong>OFICINA T\u00c8CNICA ARENI, S.L<\/strong>., informa els usuaris del lloc web sobre la seva pol\u00edtica respecte al tractament i protecci\u00f3 de les dades de car\u00e0cter personal dels usuaris i clients.<\/p><p>I garanteix en tot moment l&#8217;\u00edntegre i ple compliment de les obligacions disposades per la normativa de protecci\u00f3 de dades i serveis de la societat de la informaci\u00f3: Reglament (UE) 2016\/679 del Parlament Europeu i del Consell, de 27 d&#8217;abril de 2016, relatiu a la protecci\u00f3 de les persones f\u00edsiques pel que fa al tractament de dades personals i a la lliure circulaci\u00f3 d&#8217;aquestes dades (RGPD), la normativa Llei Org\u00e0nica 3\/2018, de 5 de desembre, de Protecci\u00f3 de Dades Personals i garantia dels drets digitals (LOPDGDD)\u00a0i la Llei 34\/2002, d&#8217;11 de juliol, de Serveis de la Societat de la Informaci\u00f3 i del Comer\u00e7 Electr\u00f2nic (LSSIce).<\/p><h2><strong>RESPONSABLE DEL TRACTAMENT<\/strong><\/h2><p>OFICINA T\u00c8CNICA ARENI, S.L.<br \/>C.I.F.: B66976028<br \/>Domicili: C\/ DOMENEC CARDENAL, 2 3\u00ba- 2\u00aa &#8211; 25230 &#8211; MOLLERUSSA (LLEIDA)<br \/>Registre Mercantil de Barcelona, Tom 45971, Foli 115, Fulla B 505535, Inscripci\u00f3 2\u00b0, Data 20-03-2017<br \/>Telefono: 973710955<br \/>Correu electr\u00f2nic: eniubo@areni.cat<\/p><h2><strong>FINALITATS DEL TRACTAMENT DE LES DADES<\/strong><\/h2><p>Les dades facilitades per l&#8217;Usuari s\u00f3n utilitzats per diverses finalitats que s&#8217;enumeren a continuaci\u00f3:<\/p><table width=\"584\"><tbody><tr><td width=\"291\"><p><strong>Finalitat del tractament \u00a0\u00a0\u00a0\u00a0\u00a0\u00a0\u00a0\u00a0\u00a0\u00a0\u00a0\u00a0\u00a0\u00a0\u00a0\u00a0\u00a0\u00a0\u00a0 <\/strong><\/p><\/td><td width=\"293\"><p><strong>Base jur\u00eddica per al tractament<\/strong><\/p><\/td><\/tr><tr><td width=\"291\"><p>Gestionar les consultes plantejades a trav\u00e9s dels formularis web.<\/p><\/td><td width=\"293\"><p>Inter\u00e8s leg\u00edtim de la Societat per a atendre els requeriments d&#8217;informaci\u00f3 a trav\u00e9s de la web.<\/p><p>Consentiment prestat de manera expressa en el moment de recollida de les dades a trav\u00e9s dels formularis web.<\/p><\/td><\/tr><tr><td width=\"291\"><p>Enviament de\u00a0newsletters, comunicacions comercials i promocions.<\/p><\/td><td width=\"293\"><p>Consentiment prestat de manera expressa en el moment de recollida de les dades a trav\u00e9s dels formularis web.<\/p><\/td><\/tr><tr><td width=\"291\"><p>Gestionar les incid\u00e8ncies i el manteniment de la web.<\/p><\/td><td width=\"293\"><p>Inter\u00e8s leg\u00edtim de la Societat.<\/p><p>\u00a0<\/p><\/td><\/tr><\/tbody><\/table><h2><strong>TERMINI DE CONSERVACI\u00d3 DE LES DADES<\/strong><\/h2><table width=\"584\"><tbody><tr><td width=\"291\"><p><strong>Finalitat del tractament<\/strong><\/p><\/td><td width=\"293\"><p><strong>Termini de conservaci\u00f3<\/strong><\/p><\/td><\/tr><tr><td width=\"291\"><p>Gestionar les consultes plantejades a trav\u00e9s dels formularis web.<\/p><\/td><td width=\"293\"><p>Tractarem les teves dades durant el temps que sigui necessari per a atendre la teva sol\u00b7licitud o petici\u00f3.<\/p><\/td><\/tr><tr><td width=\"291\"><p>Enviament de\u00a0newsletters, comunicacions comercials i promocions.<\/p><\/td><td width=\"293\"><p>Tractarem les teves dades fins que et donis de baixa.<\/p><\/td><\/tr><tr><td width=\"291\"><p>Gestionar les incid\u00e8ncies i el manteniment de la web.<\/p><\/td><td width=\"293\"><p>Tractarem les seves dades durant el temps necessari per a complir els terminis legals de prescripci\u00f3 que li resultin d&#8217;aplicaci\u00f3.<\/p><\/td><\/tr><\/tbody><\/table><h2><strong>DESTINATARIS DE LES DADES<\/strong><\/h2><p>Per a complir les finalitats indicades en la present Pol\u00edtica de Privacitat, \u00e9s necessari que donem acc\u00e9s a les teves dades personals a terceres parts que ens donin suport en els serveis que t&#8217;oferim (Encarregats de Tractament).<\/p><p>Els encarregats de tractament per a l&#8217;execuci\u00f3 d&#8217;un contracte o prestaci\u00f3 d&#8217;un servei al Responsable, seguint per aix\u00f2 les seves instruccions en tot moment i assegurant els mateixos nivells de seguretat.<strong>\u00a0<\/strong><\/p><h2><strong>DRETS DELS USUARIS<\/strong><\/h2><p>L&#8217;usuari t\u00e9 dret a:<\/p><ul><li>Sol\u00b7licitar l&#8217;acc\u00e9s a les seves dades personals que s&#8217;estan tractant i rebre aquesta informaci\u00f3 per escrit pel mitj\u00e0 sol\u00b7licitat.<\/li><li>Sol\u00b7licitar la rectificaci\u00f3 de les dades personals inexactes o, si escau, sol\u00b7licitar la seva supressi\u00f3 quan, entre altres motius, les dades ja no siguin necessaris per a la finalitat pels quals van ser recollits.<\/li><li>Sol\u00b7licitar la limitaci\u00f3 del tractament de les seves dades.<\/li><li>Oposar-se al tractament de les seves dades personals quan escaigui, en aquest cas es deixaran de tractar les seves dades excepte per motius leg\u00edtims.<\/li><li>Dret a la portabilitat de les dades. L&#8217;interessat\/interessada t\u00e9 dret a rebre les dades personals si han estat facilitades en un format estructurat, d&#8217;\u00fas com\u00fa i de lectura mec\u00e0nica, i a transmetre-les a un altre responsable, si es compleixen els requisits seg\u00fcents:<\/li><\/ul><ol><li style=\"list-style-type: none;\"><ol><li>El tractament es basa en el consentiment o en un contracte.<\/li><li>El tractament es fa per mitjans automatitzats.<\/li><\/ol><\/li><\/ol><ul><li>Dret a retirar el consentiment prestat.<\/li><li>Dret a reclamar davant l&#8217;Ag\u00e8ncia Espanyola de Protecci\u00f3 de Dades.<\/li><\/ul><p><br \/>L&#8217;Usuari pot exercitar els drets anteriorment indicats a l&#8217;adre\u00e7a de correu postal o electr\u00f2nica del Responsable, acreditant la seva identitat amb una c\u00f2pia escanejada del seu DNI o document equivalent, i especificant el dret que desitja exercir.<\/p><h2><strong>PROCED\u00c8NCIA DE LES DADES <\/strong><\/h2><p>Les dades personals han de ser facilitades pel propi interessat de forma absolutament volunt\u00e0ria. La manca d\u2019algunes dades o la no resposta de preguntes que puguin formular-se a la persona interessada en els processos de registre o a trav\u00e9s de formularis electr\u00f2nics, pot provocar la impossibilitat d\u2019acc\u00e9s a determinats serveis per a la prestaci\u00f3 dels quals \u00e9s imprescindible de disposar d\u2019aquestes dades de car\u00e0cter personal. En aquest cas, el Responsable del Tractament ha d\u2019informar del car\u00e0cter obligatori o necessari de facilitar les dades personals per al funcionament del servei.<\/p><p>El Responsable assegura la confidencialitat de les seves dades personals i garanteix la seguretat d&#8217;aquests, adoptant les mesures necess\u00e0ries per a evitar la seva alteraci\u00f3, p\u00e8rdua, tractament o acc\u00e9s no autoritzat.<\/p><h2><strong>INFORMACI\u00d3 FACILITADA PER L\u2019INTERESSAT\/INTERESSADA<\/strong><\/h2><p>Els i les menors de 18 anys no poden cedir les seves dades personals sense el previ consentiment del seu pare\/mare \u00a0i\/o tutors legals.<\/p><p>L\u2019interessat\/interessada introduint les seves dades en els formularis de contacte o presentats en formularis de desc\u00e0rrega, accepten expressament i de forma lliure i inequ\u00edvoca que les seves dades s\u00f3n necess\u00e0ries perqu\u00e8 el Responsable atengui la seva petici\u00f3, i \u00e9s volunt\u00e0ria la inclusi\u00f3 de dades en els camps restants.<\/p><p>L\u2019interessat\/interessada garanteix que les dades personals facilitades al prestador s\u00f3n veraces i es fa responsable de comunicar qualsevol modificaci\u00f3 d&#8217;aquestes.<\/p><p>Totes les dades sol\u00b7licitades a trav\u00e9s del lloc web s\u00f3n necessaris per a la prestaci\u00f3 d&#8217;un servei \u00f2ptim a l\u2019interessat\/interessada. En cas que no siguin facilitades totes les dades, no es garanteix que la informaci\u00f3 i serveis que El responsable li faciliti, siguin completament ajustats a les seves necessitats.<\/p><h2><strong>MESURES DE SEGURETAT<\/strong><\/h2><p>Que de conformitat amb el que disposen les normatives vigents en mat\u00e8ria de protecci\u00f3 de dades personals, El Responsable est\u00e0 complint amb totes les disposicions de les normatives RGPD i LOPDGDD per al tractament de les dades personals de la seva responsabilitat, i manifestament amb els principis descrits en l&#8217;article 5 del RGPD i en l&#8217;article 4 de la LOPDGDD, pels quals s\u00f3n tractats de manera l\u00edcita, lleial i transparent en relaci\u00f3 amb l&#8217;interessat i adequades, pertinents i limitats al que \u00e9s necessari en relaci\u00f3 amb els fins per als quals s\u00f3n tractats.<\/p><p>El responsable garanteix que ha implementat pol\u00edtiques t\u00e8cniques i organitzatives apropiades per aplicar les mesures de seguretat que estableixen el RGPD i la LOPDGDD per tal de protegir els drets i llibertats de l\u2019interessat\/interessadai els ha comunicat la informaci\u00f3 adequada perqu\u00e8 puguin exercir-los.\u00a0<\/p><h2><strong>BRETXES DE SEGURETAT<\/strong><\/h2><p>El Responsable informar\u00e0 sobre qualsevol bretxa de seguretat que afecti la base de dades que utilitza aquest lloc web, o que afecti a qualsevol dels nostres serveis de tercers, a totes i cadascuna de les persones, dades dels quals puguin haver estat afectades, i autoritats, dins de les 72 hores seg\u00fcents a la detecci\u00f3 de la bretxa.<\/p><h2><strong>LEGISLACI\u00d3 APLICABLE I JURISDICCI\u00d3<\/strong><\/h2><p>Es reserva la facultat de presentar les accions civils o penals que consideri necess\u00e0ries per a la utilitzaci\u00f3 indeguda del Lloc web i Continguts.<\/p><p>La relaci\u00f3 entre l&#8217;Usuari i el Responsable es regir\u00e0 per la normativa vigent i d&#8217;aplicaci\u00f3 en el territori espanyol. En cas de sorgir qualsevol controv\u00e8rsia en relaci\u00f3 amb la interpretaci\u00f3 i\/o a l&#8217;aplicaci\u00f3, les parts sotmetran els seus conflictes a la jurisdicci\u00f3 ordin\u00e0ria sotmetent-se als jutges i tribunals que corresponguin conforme a dret.<\/p>\t\t\t\t\t\t\t\t<\/div>\n\t\t\t\t<\/div>\n\t\t\t\t\t<\/div>\n\t\t\t\t<\/div>\n\t\t\t\t<\/div>\n\t\t","protected":false},"excerpt":{"rendered":"<p>Pol\u00edtica de Privacidad OFICINA T\u00c8CNICA ARENI, S.L., informa els usuaris del lloc web sobre la seva pol\u00edtica respecte al tractament i protecci\u00f3 de les dades de car\u00e0cter personal dels usuaris i clients. I garanteix en tot moment l&#8217;\u00edntegre i ple compliment de les obligacions disposades per la normativa de protecci\u00f3 de dades i serveis de [&hellip;]<\/p>\n","protected":false},"author":2,"featured_media":0,"parent":0,"menu_order":0,"comment_status":"closed","ping_status":"closed","template":"","meta":{"footnotes":""},"class_list":["post-800","page","type-page","status-publish","hentry"],"_links":{"self":[{"href":"https:\/\/torreplaurgell.cat\/es\/wp-json\/wp\/v2\/pages\/800","targetHints":{"allow":["GET"]}}],"collection":[{"href":"https:\/\/torreplaurgell.cat\/es\/wp-json\/wp\/v2\/pages"}],"about":[{"href":"https:\/\/torreplaurgell.cat\/es\/wp-json\/wp\/v2\/types\/page"}],"author":[{"embeddable":true,"href":"https:\/\/torreplaurgell.cat\/es\/wp-json\/wp\/v2\/users\/2"}],"replies":[{"embeddable":true,"href":"https:\/\/torreplaurgell.cat\/es\/wp-json\/wp\/v2\/comments?post=800"}],"version-history":[{"count":7,"href":"https:\/\/torreplaurgell.cat\/es\/wp-json\/wp\/v2\/pages\/800\/revisions"}],"predecessor-version":[{"id":1056,"href":"https:\/\/torreplaurgell.cat\/es\/wp-json\/wp\/v2\/pages\/800\/revisions\/1056"}],"wp:attachment":[{"href":"https:\/\/torreplaurgell.cat\/es\/wp-json\/wp\/v2\/media?parent=800"}],"curies":[{"name":"wp","href":"https:\/\/api.w.org\/{rel}","templated":true}]}}